{"id":1059,"date":"2022-08-18T09:10:30","date_gmt":"2022-08-18T09:10:30","guid":{"rendered":"https:\/\/samco.com.tr\/?page_id=1059"},"modified":"2022-09-06T12:03:52","modified_gmt":"2022-09-06T12:03:52","slug":"hakkimizda","status":"publish","type":"page","link":"https:\/\/samco.com.tr\/en\/hakkimizda\/","title":{"rendered":"About Us"},"content":{"rendered":"<section id=\"bt_bb_section69fb604bf19ab\"  data-background_image_src=\"'https:\/\/samco.com.tr\/wp-content\/uploads\/2020\/11\/bgn-gray-bottom-right-medium.png'\" class=\"bt_bb_section bt_bb_layout_wide bt_bb_vertical_align_top btLazyLoadBackground bt_bb_background_image bt_bb_top_spacing_100 bt_bb_bottom_spacing_100\" style=\"background-image:url(&#039;https:\/\/samco.com.tr\/wp-content\/plugins\/bold-page-builder\/img\/blank.gif&#039;);z-index: 1;background-position:right bottom;background-size:auto;\" data-bt-override-class=\"null\"><div class=\"bt_bb_port\"><div class=\"bt_bb_cell\"><div class=\"bt_bb_cell_inner\"><div class=\"bt_bb_row_wrapper bt_bb_row_width_boxed_1200 bt_bb_row_push_right bt_bb_content_wide\"><div  class=\"bt_bb_row\" ><div  class=\"bt_bb_column col-xl-6 bt_bb_vertical_align_middle bt_bb_align_left bt_bb_padding_normal bt_bb_animation_fade_in bt_bb_animation_zoom_out animate\"  data-width=\"6\" data-bt-override-class=\"{}\"><div class=\"bt_bb_column_content\"><div class=\"bt_bb_column_content_inner\"><div class=\"bt_bb_separator bt_bb_border_style_none bt_bb_bottom_spacing_20\" data-bt-override-class=\"null\"><\/div><header class=\"bt_bb_headline bt_bb_dash_top bt_bb_subheadline bt_bb_size_large bt_bb_align_inherit\" data-bt-override-class=\"{&quot;bt_bb_size_&quot;:{&quot;current_class&quot;:&quot;bt_bb_size_large&quot;,&quot;xl&quot;:&quot;large&quot;},&quot;bt_bb_align_&quot;:{&quot;current_class&quot;:&quot;bt_bb_align_inherit&quot;,&quot;xl&quot;:&quot;inherit&quot;}}\"><h3><span class=\"bt_bb_headline_content\"><span>Who Are We?<\/span><\/span><\/h3><div class=\"bt_bb_headline_subheadline\">As SAMCO, we provide services to our customers with our industry-leading and modern facility, respecting national and international regulations. Our factory carries out its activities in accordance with the latest technological developments in its production stages.<br \/>\r\n<br \/>\r\nOur target is to be focused on continuous improvement with our innovative and creative efforts leaded by our experienced managerial staff and qualified technical personnel in all of our activities. Continuous R&amp;D studies are carried out in SAMCO in order to develop products in different alloys and production technologies in line with the demands of our customers.<br \/>\r\n<br \/>\r\nIn our modern facility, we comply with all the necessary environmental, occupational and health regulations. All the necessary measures are taken to prevent any kind of work accidents. Recycling is one of the key elements of our production in order to reduce negative environmental pollution.<\/div><\/header><div class=\"bt_bb_separator bt_bb_border_style_none bt_bb_bottom_spacing_60\" data-bt-override-class=\"null\"><\/div><\/div><\/div><\/div><div  class=\"bt_bb_column col-xl-6 bt_bb_vertical_align_top bt_bb_align_left bt_bb_padding_normal bt_bb_animation_fade_in animate\" style=\"position: relative;\" data-width=\"6\" data-bt-override-class=\"{}\"><div class=\"bt_bb_column_content\"><div class=\"bt_bb_column_content_inner\"><div class=\"bt_bb_image bt_bb_shape_square bt_bb_align_inherit bt_bb_hover_style_simple bt_bb_content_display_always bt_bb_content_align_middle bt_bb_remove_padding_yes bt_bb_fill_background_color_full\" style=\"max-width: 750px;\" data-bt-override-class=\"{&quot;bt_bb_align_&quot;:{&quot;current_class&quot;:&quot;bt_bb_align_inherit&quot;,&quot;xl&quot;:&quot;inherit&quot;}}\"><span><img src = \"https:\/\/samco.com.tr\/wp-content\/plugins\/bold-page-builder\/img\/blank.gif\" data-full_image_src=\"https:\/\/samco.com.tr\/wp-content\/uploads\/2022\/08\/hakkimizda1-min.png\" data-image_src=\"https:\/\/samco.com.tr\/wp-content\/uploads\/2022\/08\/hakkimizda1-min.png\" title=\"hakk\u0131m\u0131zda1-min\" alt=\"https:\/\/samco.com.tr\/wp-content\/uploads\/2022\/08\/hakkimizda1-min.png\" class=\"btLazyLoadImage\"><\/span><\/div><div class=\"bt_bb_floating_image bt_bb_floating_image_horizontal_position_left bt_bb_floating_image_vertical_position_bottom bt_bb_floating_image_animation_delay_default bt_bb_floating_image_animation_duration_default bt_bb_floating_image_animation_style_ease_out\" style=\"margin-left: 672px; mix-blend-mode: multiply;\" data-speed=\"1.0\"><div class=\"bt_bb_floating_image_image\" data-speed=\"1.0\"><div class=\"bt_bb_image\" data-bt-override-class=\"null\"><span><img src=\"https:\/\/samco.com.tr\/wp-content\/uploads\/2020\/11\/img-red-skew.png\" data-full_image_src=\"https:\/\/samco.com.tr\/wp-content\/uploads\/2020\/11\/img-red-skew.png\"  alt=\"https:\/\/samco.com.tr\/wp-content\/uploads\/2020\/11\/img-red-skew.png\"><\/span><\/div><\/div><\/div><\/div><\/div><\/div><\/div><\/div><\/div><\/div><\/div><\/section><section id=\"bt_bb_section69fb604bf2f31\"  data-background_image_src=\"'https:\/\/samco.com.tr\/wp-content\/uploads\/2020\/11\/bgn-gray-top-left-large.png'\" class=\"bt_bb_section bt_bb_layout_boxed_1200 bt_bb_vertical_align_top btLazyLoadBackground bt_bb_background_image bt_bb_top_spacing_100 bt_bb_bottom_spacing_100\" style=\"background-image:url(&#039;https:\/\/samco.com.tr\/wp-content\/plugins\/bold-page-builder\/img\/blank.gif&#039;);background-position:left top;background-size:20%;\" data-bt-override-class=\"null\"><div class=\"bt_bb_port\"><div class=\"bt_bb_cell\"><div class=\"bt_bb_cell_inner\"><div class=\"bt_bb_row_wrapper\"><div  class=\"bt_bb_row\" ><div  class=\"bt_bb_column col-xl-3 bt_bb_vertical_align_top bt_bb_align_left bt_bb_padding_normal\"  data-width=\"3\" data-bt-override-class=\"{}\"><div class=\"bt_bb_column_content\"><div class=\"bt_bb_column_content_inner\"><\/div><\/div><\/div><div  class=\"bt_bb_column col-xl-6 bt_bb_vertical_align_top bt_bb_align_center bt_bb_padding_normal bt_bb_animation_fade_in bt_bb_animation_zoom_out animate\"  data-width=\"6\" data-bt-override-class=\"{}\"><div class=\"bt_bb_column_content\"><div class=\"bt_bb_column_content_inner\"><header class=\"bt_bb_headline bt_bb_dash_top bt_bb_subheadline bt_bb_size_extralarge bt_bb_align_inherit\" data-bt-override-class=\"{&quot;bt_bb_size_&quot;:{&quot;current_class&quot;:&quot;bt_bb_size_extralarge&quot;,&quot;xl&quot;:&quot;extralarge&quot;},&quot;bt_bb_align_&quot;:{&quot;current_class&quot;:&quot;bt_bb_align_inherit&quot;,&quot;xl&quot;:&quot;inherit&quot;}}\"><h1><span class=\"bt_bb_headline_content\"><span>Our Certificates<\/span><\/span><\/h1><div class=\"bt_bb_headline_subheadline\">Firmam\u0131z ISO 9001, ISO 14001 ve ISO 45001 dahil \u00e7a\u011f\u0131m\u0131z\u0131n gerektirdi\u011fi t\u00fcm sertifikasyonlara sahiptir.<\/div><\/header><div class=\"bt_bb_separator bt_bb_border_style_none bt_bb_bottom_spacing_60\" data-bt-override-class=\"null\"><\/div><\/div><\/div><\/div><div  class=\"bt_bb_column col-xl-3 bt_bb_vertical_align_top bt_bb_align_left bt_bb_padding_normal\"  data-width=\"3\" data-bt-override-class=\"{}\"><div class=\"bt_bb_column_content\"><div class=\"bt_bb_column_content_inner\"><\/div><\/div><\/div><\/div><\/div><div class=\"bt_bb_row_wrapper\"><div  class=\"bt_bb_row bt_bb_column_gap_35\" ><div  class=\"bt_bb_column col-xl-4 bt_bb_vertical_align_bottom bt_bb_align_left bt_bb_padding_normal bt_bb_animation_fade_in bt_bb_animation_zoom_out animate\"  data-width=\"4\" data-bt-override-class=\"{}\"><div class=\"bt_bb_column_content\"><div class=\"bt_bb_column_content_inner\"><div class=\"bt_bb_image shadow bt_bb_shape_square bt_bb_align_inherit bt_bb_hover_style_simple bt_bb_content_display_always bt_bb_content_align_middle bt_bb_remove_padding_yes bt_bb_fill_background_color_full\" data-bt-override-class=\"{&quot;bt_bb_align_&quot;:{&quot;current_class&quot;:&quot;bt_bb_align_inherit&quot;,&quot;xl&quot;:&quot;inherit&quot;}}\"><span><img src = \"https:\/\/samco.com.tr\/wp-content\/plugins\/bold-page-builder\/img\/blank.gif\" data-full_image_src=\"https:\/\/samco.com.tr\/wp-content\/uploads\/2022\/09\/WhatsApp-Image-2022-09-06-at-14.52.46.jpeg\" data-image_src=\"https:\/\/samco.com.tr\/wp-content\/uploads\/2022\/09\/WhatsApp-Image-2022-09-06-at-14.52.46.jpeg\" title=\"WhatsApp Image 2022-09-06 at 14.52.46\" alt=\"https:\/\/samco.com.tr\/wp-content\/uploads\/2022\/09\/WhatsApp-Image-2022-09-06-at-14.52.46.jpeg\" class=\"btLazyLoadImage\"><\/span><\/div><div class=\"bt_bb_separator bt_bb_border_style_none bt_bb_bottom_spacing_20 bt_bb_hidden_md bt_bb_hidden_lg\" data-bt-override-class=\"null\"><\/div><\/div><\/div><\/div><div  class=\"bt_bb_column col-xl-4 bt_bb_vertical_align_bottom bt_bb_align_left bt_bb_padding_normal bt_bb_animation_fade_in bt_bb_animation_zoom_out animate\"  data-width=\"4\" data-bt-override-class=\"{}\"><div class=\"bt_bb_column_content\"><div class=\"bt_bb_column_content_inner\"><div class=\"bt_bb_image shadow bt_bb_shape_square bt_bb_align_inherit bt_bb_hover_style_simple bt_bb_content_display_always bt_bb_content_align_middle bt_bb_remove_padding_yes bt_bb_fill_background_color_full\" data-bt-override-class=\"{&quot;bt_bb_align_&quot;:{&quot;current_class&quot;:&quot;bt_bb_align_inherit&quot;,&quot;xl&quot;:&quot;inherit&quot;}}\"><span><img src = \"https:\/\/samco.com.tr\/wp-content\/plugins\/bold-page-builder\/img\/blank.gif\" data-full_image_src=\"https:\/\/samco.com.tr\/wp-content\/uploads\/2022\/09\/WhatsApp-Image-2022-09-06-at-14.52.46-1.jpeg\" data-image_src=\"https:\/\/samco.com.tr\/wp-content\/uploads\/2022\/09\/WhatsApp-Image-2022-09-06-at-14.52.46-1.jpeg\" title=\"WhatsApp Image 2022-09-06 at 14.52.46 (1)\" alt=\"https:\/\/samco.com.tr\/wp-content\/uploads\/2022\/09\/WhatsApp-Image-2022-09-06-at-14.52.46-1.jpeg\" class=\"btLazyLoadImage\"><\/span><\/div><div class=\"bt_bb_separator bt_bb_border_style_none bt_bb_bottom_spacing_20 bt_bb_hidden_md bt_bb_hidden_lg\" data-bt-override-class=\"null\"><\/div><\/div><\/div><\/div><div  class=\"bt_bb_column col-xl-4 bt_bb_vertical_align_bottom bt_bb_align_left bt_bb_padding_normal bt_bb_animation_fade_in bt_bb_animation_zoom_out animate\"  data-width=\"4\" data-bt-override-class=\"{}\"><div class=\"bt_bb_column_content\"><div class=\"bt_bb_column_content_inner\"><div class=\"bt_bb_image shadow bt_bb_shape_square bt_bb_align_inherit bt_bb_hover_style_simple bt_bb_content_display_always bt_bb_content_align_middle bt_bb_remove_padding_yes bt_bb_fill_background_color_full\" data-bt-override-class=\"{&quot;bt_bb_align_&quot;:{&quot;current_class&quot;:&quot;bt_bb_align_inherit&quot;,&quot;xl&quot;:&quot;inherit&quot;}}\"><span><img src = \"https:\/\/samco.com.tr\/wp-content\/plugins\/bold-page-builder\/img\/blank.gif\" data-full_image_src=\"https:\/\/samco.com.tr\/wp-content\/uploads\/2022\/09\/WhatsApp-Image-2022-09-06-at-14.52.45.jpeg\" data-image_src=\"https:\/\/samco.com.tr\/wp-content\/uploads\/2022\/09\/WhatsApp-Image-2022-09-06-at-14.52.45.jpeg\" title=\"WhatsApp Image 2022-09-06 at 14.52.45\" alt=\"https:\/\/samco.com.tr\/wp-content\/uploads\/2022\/09\/WhatsApp-Image-2022-09-06-at-14.52.45.jpeg\" class=\"btLazyLoadImage\"><\/span><\/div><\/div><\/div><\/div><\/div><\/div><\/div><\/div><\/div><\/section>","protected":false},"excerpt":{"rendered":"","protected":false},"author":1,"featured_media":578,"parent":0,"menu_order":0,"comment_status":"closed","ping_status":"closed","template":"","meta":[],"_links":{"self":[{"href":"https:\/\/samco.com.tr\/en\/wp-json\/wp\/v2\/pages\/1059"}],"collection":[{"href":"https:\/\/samco.com.tr\/en\/wp-json\/wp\/v2\/pages"}],"about":[{"href":"https:\/\/samco.com.tr\/en\/wp-json\/wp\/v2\/types\/page"}],"author":[{"embeddable":true,"href":"https:\/\/samco.com.tr\/en\/wp-json\/wp\/v2\/users\/1"}],"replies":[{"embeddable":true,"href":"https:\/\/samco.com.tr\/en\/wp-json\/wp\/v2\/comments?post=1059"}],"version-history":[{"count":14,"href":"https:\/\/samco.com.tr\/en\/wp-json\/wp\/v2\/pages\/1059\/revisions"}],"predecessor-version":[{"id":1073,"href":"https:\/\/samco.com.tr\/en\/wp-json\/wp\/v2\/pages\/1059\/revisions\/1073"}],"wp:featuredmedia":[{"embeddable":true,"href":"https:\/\/samco.com.tr\/en\/wp-json\/wp\/v2\/media\/578"}],"wp:attachment":[{"href":"https:\/\/samco.com.tr\/en\/wp-json\/wp\/v2\/media?parent=1059"}],"curies":[{"name":"wp","href":"https:\/\/api.w.org\/{rel}","templated":true}]}}